{"id":70,"date":"2013-08-01T14:01:10","date_gmt":"2013-08-01T13:01:10","guid":{"rendered":"http:\/\/www.explaure-pyrenees.fr\/?page_id=70"},"modified":"2013-08-15T17:53:28","modified_gmt":"2013-08-15T15:53:28","slug":"qui-suis-je","status":"publish","type":"page","link":"http:\/\/www.explaure-pyrenees.fr\/?page_id=70","title":{"rendered":"Qui suis-je"},"content":{"rendered":"<p style=\"text-align: left;\"><a href=\"http:\/\/www.explaure-pyrenees.fr\/wp-content\/uploads\/2013\/08\/IMG_9669.jpg\"><img loading=\"lazy\" decoding=\"async\" class=\"size-medium wp-image-74 alignright\" alt=\"portrait\" src=\"http:\/\/www.explaure-pyrenees.fr\/wp-content\/uploads\/2013\/08\/IMG_9669-287x300.jpg\" width=\"287\" height=\"300\" srcset=\"http:\/\/www.explaure-pyrenees.fr\/wp-content\/uploads\/2013\/08\/IMG_9669-287x300.jpg 287w, http:\/\/www.explaure-pyrenees.fr\/wp-content\/uploads\/2013\/08\/IMG_9669-624x651.jpg 624w, http:\/\/www.explaure-pyrenees.fr\/wp-content\/uploads\/2013\/08\/IMG_9669.jpg 941w\" sizes=\"auto, (max-width: 287px) 100vw, 287px\" \/><\/a><\/p>\n<p style=\"text-align: left;\">Mathieu Morand, Accompagnateur Moyenne Montagne B.E. en vall\u00e9e d&rsquo;Aure.<\/p>\n<p style=\"text-align: left;\">La montagne est pour moi une v\u00e9ritable passion, j&rsquo;en ai fait mon m\u00e9tier.<\/p>\n","protected":false},"excerpt":{"rendered":"<p>Mathieu Morand, Accompagnateur Moyenne Montagne B.E. en vall\u00e9e d&rsquo;Aure. La montagne est pour moi une v\u00e9ritable passion, j&rsquo;en ai fait mon m\u00e9tier.<\/p>\n","protected":false},"author":1,"featured_media":0,"parent":0,"menu_order":7,"comment_status":"closed","ping_status":"open","template":"","meta":{"footnotes":""},"class_list":["post-70","page","type-page","status-publish","hentry"],"_links":{"self":[{"href":"http:\/\/www.explaure-pyrenees.fr\/index.php?rest_route=\/wp\/v2\/pages\/70","targetHints":{"allow":["GET"]}}],"collection":[{"href":"http:\/\/www.explaure-pyrenees.fr\/index.php?rest_route=\/wp\/v2\/pages"}],"about":[{"href":"http:\/\/www.explaure-pyrenees.fr\/index.php?rest_route=\/wp\/v2\/types\/page"}],"author":[{"embeddable":true,"href":"http:\/\/www.explaure-pyrenees.fr\/index.php?rest_route=\/wp\/v2\/users\/1"}],"replies":[{"embeddable":true,"href":"http:\/\/www.explaure-pyrenees.fr\/index.php?rest_route=%2Fwp%2Fv2%2Fcomments&post=70"}],"version-history":[{"count":9,"href":"http:\/\/www.explaure-pyrenees.fr\/index.php?rest_route=\/wp\/v2\/pages\/70\/revisions"}],"predecessor-version":[{"id":118,"href":"http:\/\/www.explaure-pyrenees.fr\/index.php?rest_route=\/wp\/v2\/pages\/70\/revisions\/118"}],"wp:attachment":[{"href":"http:\/\/www.explaure-pyrenees.fr\/index.php?rest_route=%2Fwp%2Fv2%2Fmedia&parent=70"}],"curies":[{"name":"wp","href":"https:\/\/api.w.org\/{rel}","templated":true}]}}