{"id":78,"date":"2013-08-01T15:07:28","date_gmt":"2013-08-01T14:07:28","guid":{"rendered":"http:\/\/www.explaure-pyrenees.fr\/?page_id=78"},"modified":"2019-01-04T14:20:24","modified_gmt":"2019-01-04T12:20:24","slug":"la-montagne-3","status":"publish","type":"page","link":"http:\/\/www.explaure-pyrenees.fr\/?page_id=78","title":{"rendered":"La Montagne"},"content":{"rendered":"<p><strong>La montagne est un lieu qui ne s\u2019improvise pas, il faut y venir avec un minimum d\u2019entrainement et d\u2019\u00e9quipement:<\/strong><\/p>\n<ul>\n<li><strong>en \u00e9t\u00e9:<\/strong> de bonnes chaussures de marche, un v\u00eatement de pluie, des b\u00e2tons, un chapeau, de la cr\u00e8me solaire, des lunettes de soleil et bien sur de l\u2019eau et de quoi se sustenter.<\/li>\n<li><strong>en hiver:<\/strong> de bonnes chaussures de marche \u00e9tanches et fourr\u00e9es si n\u00e9cessaire, des v\u00eatements appropri\u00e9s \u00e0 la neige, de la cr\u00e8me solaire, des lunettes de soleil et bien sur de l\u2019eau et de quoi se sustenter. Je fournis les raquettes \u00e0 neige et les B\u00e2tons.<\/li>\n<\/ul>\n","protected":false},"excerpt":{"rendered":"<p>La montagne est un lieu qui ne s\u2019improvise pas, il faut y venir avec un minimum d\u2019entrainement et d\u2019\u00e9quipement: en \u00e9t\u00e9: de bonnes chaussures de marche, un v\u00eatement de pluie, des b\u00e2tons, un chapeau, de la cr\u00e8me solaire, des lunettes de soleil et bien sur de l\u2019eau et de quoi \u2026 <a class=\"continue-reading-link\" href=\"http:\/\/www.explaure-pyrenees.fr\/?page_id=78\"> Continue reading <span class=\"meta-nav\">&rarr; <\/span><\/a><\/p>\n","protected":false},"author":1,"featured_media":0,"parent":0,"menu_order":2,"comment_status":"closed","ping_status":"open","template":"","meta":{"footnotes":""},"class_list":["post-78","page","type-page","status-publish","hentry"],"_links":{"self":[{"href":"http:\/\/www.explaure-pyrenees.fr\/index.php?rest_route=\/wp\/v2\/pages\/78","targetHints":{"allow":["GET"]}}],"collection":[{"href":"http:\/\/www.explaure-pyrenees.fr\/index.php?rest_route=\/wp\/v2\/pages"}],"about":[{"href":"http:\/\/www.explaure-pyrenees.fr\/index.php?rest_route=\/wp\/v2\/types\/page"}],"author":[{"embeddable":true,"href":"http:\/\/www.explaure-pyrenees.fr\/index.php?rest_route=\/wp\/v2\/users\/1"}],"replies":[{"embeddable":true,"href":"http:\/\/www.explaure-pyrenees.fr\/index.php?rest_route=%2Fwp%2Fv2%2Fcomments&post=78"}],"version-history":[{"count":9,"href":"http:\/\/www.explaure-pyrenees.fr\/index.php?rest_route=\/wp\/v2\/pages\/78\/revisions"}],"predecessor-version":[{"id":253,"href":"http:\/\/www.explaure-pyrenees.fr\/index.php?rest_route=\/wp\/v2\/pages\/78\/revisions\/253"}],"wp:attachment":[{"href":"http:\/\/www.explaure-pyrenees.fr\/index.php?rest_route=%2Fwp%2Fv2%2Fmedia&parent=78"}],"curies":[{"name":"wp","href":"https:\/\/api.w.org\/{rel}","templated":true}]}}