{"id":82,"date":"2013-08-01T15:52:58","date_gmt":"2013-08-01T13:52:58","guid":{"rendered":"http:\/\/www.explaure-pyrenees.fr\/?page_id=82"},"modified":"2014-01-06T17:27:52","modified_gmt":"2014-01-06T15:27:52","slug":"vsites-touristiques","status":"publish","type":"page","link":"http:\/\/www.explaure-pyrenees.fr\/?page_id=82","title":{"rendered":"Visites"},"content":{"rendered":"<p>Je vous propose l\u2019accompagnement touristique vers diff\u00e9rents sites \u00e0 visiter. Programme propos\u00e9 sur une semaine avec h\u00e9bergement en centre de vacances en vall\u00e9e d\u2019Aure.\u00b2<\/p>\n","protected":false},"excerpt":{"rendered":"<p>Je vous propose l\u2019accompagnement touristique vers diff\u00e9rents sites \u00e0 visiter. Programme propos\u00e9 sur une semaine avec h\u00e9bergement en centre de vacances en vall\u00e9e d\u2019Aure.\u00b2<\/p>\n","protected":false},"author":1,"featured_media":0,"parent":0,"menu_order":4,"comment_status":"closed","ping_status":"closed","template":"","meta":{"footnotes":""},"class_list":["post-82","page","type-page","status-publish","hentry"],"_links":{"self":[{"href":"http:\/\/www.explaure-pyrenees.fr\/index.php?rest_route=\/wp\/v2\/pages\/82","targetHints":{"allow":["GET"]}}],"collection":[{"href":"http:\/\/www.explaure-pyrenees.fr\/index.php?rest_route=\/wp\/v2\/pages"}],"about":[{"href":"http:\/\/www.explaure-pyrenees.fr\/index.php?rest_route=\/wp\/v2\/types\/page"}],"author":[{"embeddable":true,"href":"http:\/\/www.explaure-pyrenees.fr\/index.php?rest_route=\/wp\/v2\/users\/1"}],"replies":[{"embeddable":true,"href":"http:\/\/www.explaure-pyrenees.fr\/index.php?rest_route=%2Fwp%2Fv2%2Fcomments&post=82"}],"version-history":[{"count":7,"href":"http:\/\/www.explaure-pyrenees.fr\/index.php?rest_route=\/wp\/v2\/pages\/82\/revisions"}],"predecessor-version":[{"id":182,"href":"http:\/\/www.explaure-pyrenees.fr\/index.php?rest_route=\/wp\/v2\/pages\/82\/revisions\/182"}],"wp:attachment":[{"href":"http:\/\/www.explaure-pyrenees.fr\/index.php?rest_route=%2Fwp%2Fv2%2Fmedia&parent=82"}],"curies":[{"name":"wp","href":"https:\/\/api.w.org\/{rel}","templated":true}]}}